{"id":91837,"date":"2023-07-22T21:20:14","date_gmt":"2023-07-22T21:20:14","guid":{"rendered":"https:\/\/comabeba.com\/chile\/?page_id=91837"},"modified":"2025-10-10T00:22:02","modified_gmt":"2025-10-10T00:22:02","slug":"cartas-restaurantes-santiago-chile","status":"publish","type":"page","link":"https:\/\/comabeba.com\/chile\/es\/cartas-restaurantes-santiago-chile\/","title":{"rendered":"Las cartas de restaurantes de Santiago de Chile &#8211; 2023"},"content":{"rendered":"<p>[et_pb_section fb_built=&#8221;1&#8243; _builder_version=&#8221;4.21.0&#8243; _module_preset=&#8221;default&#8221; background_color=&#8221;#3d3d3d&#8221; global_module=&#8221;91823&#8243; saved_tabs=&#8221;all&#8221; global_colors_info=&#8221;{}&#8221;][et_pb_row _builder_version=&#8221;4.21.0&#8243; _module_preset=&#8221;default&#8221; width=&#8221;98%&#8221; module_alignment=&#8221;center&#8221; custom_padding=&#8221;25px||||false|false&#8221; global_colors_info=&#8221;{}&#8221;][et_pb_column type=&#8221;4_4&#8243; _builder_version=&#8221;4.21.0&#8243; _module_preset=&#8221;default&#8221; global_colors_info=&#8221;{}&#8221;][et_pb_text admin_label=&#8221;slider-shortcode&#8221; _builder_version=&#8221;4.21.0&#8243; _module_preset=&#8221;default&#8221; custom_padding=&#8221;20px||20px||true|false&#8221; global_colors_info=&#8221;{}&#8221;]<img loading=\"lazy\" decoding=\"async\" class=\"aligncenter size-full\" src=\"\thttps:\/\/comabeba.com\/chile\/wp-content\/uploads\/sites\/12\/2023\/07\/Heading-Mas-cartas-ES.png.webp\" alt=\"\" width=\"300\" height=\"300\" \/>[\/et_pb_text][et_pb_text admin_label=&#8221;page_title &#038; page-intro-summary&#8221; _builder_version=&#8221;4.21.0&#8243; _module_preset=&#8221;default&#8221; text_line_height=&#8221;1.2em&#8221; custom_padding=&#8221;|10px|20px|10px|false|true&#8221; hover_enabled=&#8221;0&#8243; global_colors_info=&#8221;{}&#8221; text_orientation=&#8221;center&#8221; sticky_enabled=&#8221;0&#8243;]<\/p>\n<h1 style=\"text-align: center;\">Las cartas de restaurantes de Santiago de Chile - 2023<\/h1>\n<p style=\"text-align: center;\">\n<p>Las cr\u00edticas de estos restaurantes presentan men\u00fas actualizados recientemente para 2023. <br \/>\nHaga clic en el bot\u00f3n para leer la rese\u00f1a y ver los men\u00fas de estos restaurantes en Santiago.<\/p>\n<p>[\/et_pb_text][et_pb_text admin_label=&#8221;pagecf-3&#8243; _builder_version=&#8221;4.21.0&#8243; _module_preset=&#8221;default&#8221; module_alignment=&#8221;center&#8221; global_colors_info=&#8221;{}&#8221;]<\/p>\n<form autocomplete=\"off\" name=\"wpv-filter-92213\" action=\"\/chile\/wp-json\/wp\/v2\/pages\/91837?wpv_view_count=92213\" method=\"get\" class=\"wpv-filter-form js-wpv-filter-form js-wpv-filter-form-92213 js-wpv-form-full\" data-viewnumber=\"92213\" data-viewid=\"92213\" data-viewhash=\"eyJuYW1lIjoiMjAyMy11cGRhdGVkLW1lbnUtZ3JpZC1lcyJ9\" data-viewwidgetid=\"0\" data-orderby=\"\" data-order=\"\" data-orderbyas=\"\" data-orderbysecond=\"\" data-ordersecond=\"\" data-parametric=\"{&quot;query&quot;:&quot;normal&quot;,&quot;id&quot;:&quot;92213&quot;,&quot;view_id&quot;:&quot;92213&quot;,&quot;widget_id&quot;:0,&quot;view_hash&quot;:&quot;92213&quot;,&quot;action&quot;:&quot;\\\/chile\\\/wp-json\\\/wp\\\/v2\\\/pages\\\/91837?wpv_view_count=92213&quot;,&quot;sort&quot;:{&quot;orderby&quot;:&quot;&quot;,&quot;order&quot;:&quot;&quot;,&quot;orderby_as&quot;:&quot;&quot;,&quot;orderby_second&quot;:&quot;&quot;,&quot;order_second&quot;:&quot;&quot;},&quot;orderby&quot;:&quot;&quot;,&quot;order&quot;:&quot;&quot;,&quot;orderby_as&quot;:&quot;&quot;,&quot;orderby_second&quot;:&quot;&quot;,&quot;order_second&quot;:&quot;&quot;,&quot;ajax_form&quot;:&quot;&quot;,&quot;ajax_results&quot;:&quot;&quot;,&quot;effect&quot;:&quot;fade&quot;,&quot;prebefore&quot;:&quot;&quot;,&quot;before&quot;:&quot;&quot;,&quot;after&quot;:&quot;&quot;,&quot;attributes&quot;:[],&quot;environment&quot;:{&quot;current_post_id&quot;:91837,&quot;parent_post_id&quot;:91837,&quot;parent_term_id&quot;:0,&quot;parent_user_id&quot;:0,&quot;archive&quot;:{&quot;type&quot;:&quot;&quot;,&quot;name&quot;:&quot;&quot;,&quot;data&quot;:[]}},&quot;loop&quot;:{&quot;type&quot;:&quot;&quot;,&quot;name&quot;:&quot;&quot;,&quot;data&quot;:[],&quot;id&quot;:0}}\" data-attributes=\"[]\" data-environment=\"{&quot;current_post_id&quot;:91837,&quot;parent_post_id&quot;:91837,&quot;parent_term_id&quot;:0,&quot;parent_user_id&quot;:0,&quot;archive&quot;:{&quot;type&quot;:&quot;&quot;,&quot;name&quot;:&quot;&quot;,&quot;data&quot;:[]}}\"><input type=\"hidden\" class=\"js-wpv-dps-filter-data js-wpv-filter-data-for-this-form\" data-action=\"\/chile\/wp-json\/wp\/v2\/pages\/91837?wpv_view_count=92213\" data-page=\"1\" data-ajax=\"disable\" data-effect=\"fade\" data-maxpages=\"4\" data-ajaxprebefore=\"\" data-ajaxbefore=\"\" data-ajaxafter=\"\" \/><input class=\"wpv_view_count wpv_view_count-92213\" type=\"hidden\" name=\"wpv_view_count\" value=\"92213\" \/><\/p>\n<\/form>\n<div id=\"wpv-view-layout-92213\" class=\"js-wpv-view-layout js-wpv-layout-responsive js-wpv-view-layout-92213 wpv-pagination js-wpv-layout-has-pagination wpv-pagination-preload-images js-wpv-layout-preload-images wpv-pagination-preload-pages js-wpv-layout-preload-pages\" style=\"visibility:hidden;\" data-viewnumber=\"92213\" data-pagination=\"{&quot;id&quot;:&quot;92213&quot;,&quot;query&quot;:&quot;normal&quot;,&quot;type&quot;:&quot;ajaxed&quot;,&quot;effect&quot;:&quot;fade&quot;,&quot;duration&quot;:500,&quot;speed&quot;:5,&quot;pause_on_hover&quot;:&quot;enabled&quot;,&quot;stop_rollover&quot;:&quot;false&quot;,&quot;cache_pages&quot;:&quot;enabled&quot;,&quot;preload_images&quot;:&quot;enabled&quot;,&quot;preload_pages&quot;:&quot;enabled&quot;,&quot;preload_reach&quot;:1,&quot;spinner&quot;:&quot;builtin&quot;,&quot;spinner_image&quot;:&quot;&quot;,&quot;callback_next&quot;:&quot;&quot;,&quot;manage_history&quot;:&quot;disabled&quot;,&quot;has_controls_in_form&quot;:&quot;disabled&quot;,&quot;infinite_tolerance&quot;:0,&quot;max_pages&quot;:4,&quot;page&quot;:1,&quot;base_permalink&quot;:&quot;\/chile\/wp-json\/wp\/v2\/pages\/91837?wpv_view_count=92213&amp;wpv_paged=WPV_PAGE_NUM&quot;,&quot;loop&quot;:{&quot;type&quot;:&quot;&quot;,&quot;name&quot;:&quot;&quot;,&quot;data&quot;:[],&quot;id&quot;:0}}\" data-permalink=\"\/chile\/wp-json\/wp\/v2\/pages\/91837?wpv_view_count=92213\">\n<div class=\"row\" style=\"width: 100% !important; margin: auto;\">\n<div class=\"col-sm-2 col-xs-6\" style=\"padding: 2px !important;\">\n<div class=\"polaroid\"><a href=\"https:\/\/comabeba.com\/chile\/es\/baco\/\"><img loading=\"lazy\" decoding=\"async\" width=\"640\" height=\"360\" src=\"https:\/\/comabeba.com\/chile\/wp-content\/uploads\/sites\/12\/2017\/12\/Baco-Santiago-10.jpg\" class=\"attachment-full size-full wp-post-image\" alt=\"\" srcset=\"https:\/\/comabeba.com\/chile\/wp-content\/uploads\/sites\/12\/2017\/12\/Baco-Santiago-10.jpg 640w, https:\/\/comabeba.com\/chile\/wp-content\/uploads\/sites\/12\/2017\/12\/Baco-Santiago-10-160x90.jpg 160w, https:\/\/comabeba.com\/chile\/wp-content\/uploads\/sites\/12\/2017\/12\/Baco-Santiago-10-400x225.jpg 400w\" sizes=\"(max-width: 640px) 100vw, 640px\" \/><\/a><\/p>\n<div class=\"polaroid-content\" style=\"line-height: 1.1em; text-align: center; font-size: 16px;\">\n<div class=\"title-section\">\n<h3 style=\"font-size: 18px; text-align: center; color: black !important;\"><a href=\"https:\/\/comabeba.com\/chile\/es\/baco\/\">Baco<\/a><\/h3>\n<\/div>\n<div class=\"resto-meta\"><b>Calificaci\u00f3n: <\/b>4,3 estrellas<br \/>\n<b>Precio: <\/b>-$$$$-<br \/>\n<b>Tipo: <\/b>Restaurante casual<br \/>\n<b>Cocina: <\/b>Francesa<\/div>\n<div class=\"summary-section\"><b>Resumen: <\/b>Baco es c\u00f3modo y relajado. Al mismo tiempo, ligeramente elegante. Monta la valla entre casual casual y exclusivo. Ofrece cocina de campo francesa que &#8230;<\/div>\n<\/div>\n<div style=\"text-align: center; margin: 0px 10px 0px 10px;\"><a class=\"hbutton-2\" style=\"margin-bottom: 0px; text-align: center;\" href=\"https:\/\/comabeba.com\/chile\/es\/baco\/\">Leer la cr\u00edtica<br \/>Ver la carta<\/a><\/div>\n<\/div>\n<hr><\/div>\n<div class=\"col-sm-2 col-xs-6\" style=\"padding: 2px !important;\">\n<div class=\"polaroid\"><a href=\"https:\/\/comabeba.com\/chile\/es\/aqui-esta-coco-santiago\/\"><img loading=\"lazy\" decoding=\"async\" width=\"1365\" height=\"768\" src=\"https:\/\/comabeba.com\/chile\/wp-content\/uploads\/sites\/12\/2025\/10\/AQUI2025-12.jpg\" class=\"attachment-full size-full wp-post-image\" alt=\"\" srcset=\"https:\/\/comabeba.com\/chile\/wp-content\/uploads\/sites\/12\/2025\/10\/AQUI2025-12.jpg 1365w, https:\/\/comabeba.com\/chile\/wp-content\/uploads\/sites\/12\/2025\/10\/AQUI2025-12-400x225.jpg 400w, https:\/\/comabeba.com\/chile\/wp-content\/uploads\/sites\/12\/2025\/10\/AQUI2025-12-704x396.jpg 704w, https:\/\/comabeba.com\/chile\/wp-content\/uploads\/sites\/12\/2025\/10\/AQUI2025-12-160x90.jpg 160w\" sizes=\"(max-width: 1365px) 100vw, 1365px\" \/><\/a><\/p>\n<div class=\"polaroid-content\" style=\"line-height: 1.1em; text-align: center; font-size: 16px;\">\n<div class=\"title-section\">\n<h3 style=\"font-size: 18px; text-align: center; color: black !important;\"><a href=\"https:\/\/comabeba.com\/chile\/es\/aqui-esta-coco-santiago\/\">Aqu\u00ed Est\u00e1 Coco<\/a><\/h3>\n<\/div>\n<div class=\"resto-meta\"><b>Calificaci\u00f3n: <\/b>4,7 estrellas<br \/>\n<b>Precio: <\/b>-$$$$-<br \/>\n<b>Tipo: <\/b>Restaurante casual, Restaurante de mariscos<br \/>\n<b>Cocina: <\/b>Pescados y mariscos<\/div>\n<div class=\"summary-section\"><b>Resumen: <\/b>Aqu\u00ed Est\u00e1 Coco es mariscos y pescados con un toque chileno (y un poco peruano) en un espacio bellamente decorado. Su personalidad \u00fanica lo convierte e &#8230;<\/div>\n<\/div>\n<div style=\"text-align: center; margin: 0px 10px 0px 10px;\"><a class=\"hbutton-2\" style=\"margin-bottom: 0px; text-align: center;\" href=\"https:\/\/comabeba.com\/chile\/es\/aqui-esta-coco-santiago\/\">Leer la cr\u00edtica<br \/>Ver la carta<\/a><\/div>\n<\/div>\n<hr><\/div>\n<div class=\"col-sm-2 col-xs-6\" style=\"padding: 2px !important;\">\n<div class=\"polaroid\"><a href=\"https:\/\/comabeba.com\/chile\/es\/carnal-prime\/\"><img loading=\"lazy\" decoding=\"async\" width=\"640\" height=\"359\" src=\"https:\/\/comabeba.com\/chile\/wp-content\/uploads\/sites\/12\/2018\/02\/Carnal-Prime-13b.jpg\" class=\"attachment-full size-full wp-post-image\" alt=\"Carnal Prime Santiago Steakhouse - Parilla\" srcset=\"https:\/\/comabeba.com\/chile\/wp-content\/uploads\/sites\/12\/2018\/02\/Carnal-Prime-13b.jpg 640w, https:\/\/comabeba.com\/chile\/wp-content\/uploads\/sites\/12\/2018\/02\/Carnal-Prime-13b-160x90.jpg 160w, https:\/\/comabeba.com\/chile\/wp-content\/uploads\/sites\/12\/2018\/02\/Carnal-Prime-13b-400x224.jpg 400w\" sizes=\"(max-width: 640px) 100vw, 640px\" \/><\/a><\/p>\n<div class=\"polaroid-content\" style=\"line-height: 1.1em; text-align: center; font-size: 16px;\">\n<div class=\"title-section\">\n<h3 style=\"font-size: 18px; text-align: center; color: black !important;\"><a href=\"https:\/\/comabeba.com\/chile\/es\/carnal-prime\/\">Carnal Prime<\/a><\/h3>\n<\/div>\n<div class=\"resto-meta\"><b>Calificaci\u00f3n: <\/b>4,6 estrellas<br \/>\n<b>Precio: <\/b>-$$$$-<br \/>\n<b>Tipo: <\/b>Parrilla, Restaurante casual exclusivo<br \/>\n<b>Cocina: <\/b>Carnes a la parilla<\/div>\n<div class=\"summary-section\"><b>Resumen: <\/b>Carnal Prime, nuevo en Santiago, pero con un historial comprobado en Lima, ofrece un m\u00e9todo \u00fanico de parrillada de infrarrojos y carne importada de al &#8230;<\/div>\n<\/div>\n<div style=\"text-align: center; margin: 0px 10px 0px 10px;\"><a class=\"hbutton-2\" style=\"margin-bottom: 0px; text-align: center;\" href=\"https:\/\/comabeba.com\/chile\/es\/carnal-prime\/\">Leer la cr\u00edtica<br \/>Ver la carta<\/a><\/div>\n<\/div>\n<hr><\/div>\n<div class=\"col-sm-2 col-xs-6\" style=\"padding: 2px !important;\">\n<div class=\"polaroid\"><a href=\"https:\/\/comabeba.com\/chile\/es\/bar-liguria\/\"><img loading=\"lazy\" decoding=\"async\" width=\"896\" height=\"502\" src=\"https:\/\/comabeba.com\/chile\/wp-content\/uploads\/sites\/12\/2019\/04\/LIGUSCL-Longaniza-Sandwich-at-Bar-Liguria.jpg\" class=\"attachment-full size-full wp-post-image\" alt=\"\" srcset=\"https:\/\/comabeba.com\/chile\/wp-content\/uploads\/sites\/12\/2019\/04\/LIGUSCL-Longaniza-Sandwich-at-Bar-Liguria.jpg 896w, https:\/\/comabeba.com\/chile\/wp-content\/uploads\/sites\/12\/2019\/04\/LIGUSCL-Longaniza-Sandwich-at-Bar-Liguria-704x394.jpg 704w, https:\/\/comabeba.com\/chile\/wp-content\/uploads\/sites\/12\/2019\/04\/LIGUSCL-Longaniza-Sandwich-at-Bar-Liguria-160x90.jpg 160w, https:\/\/comabeba.com\/chile\/wp-content\/uploads\/sites\/12\/2019\/04\/LIGUSCL-Longaniza-Sandwich-at-Bar-Liguria-400x224.jpg 400w\" sizes=\"(max-width: 896px) 100vw, 896px\" \/><\/a><\/p>\n<div class=\"polaroid-content\" style=\"line-height: 1.1em; text-align: center; font-size: 16px;\">\n<div class=\"title-section\">\n<h3 style=\"font-size: 18px; text-align: center; color: black !important;\"><a href=\"https:\/\/comabeba.com\/chile\/es\/bar-liguria\/\">Bar Liguria<\/a><\/h3>\n<\/div>\n<div class=\"resto-meta\"><b>Calificaci\u00f3n: <\/b>4,5 estrellas<br \/>\n<b>Precio: <\/b>-$$$-<br \/>\n<b>Tipo: <\/b>Gastropub, Restaurante casual<br \/>\n<b>Cocina: <\/b>Chilena<\/div>\n<div class=\"summary-section\"><b>Resumen: <\/b>Bar Liguria es, fue y siempre ser\u00e1, la cantina de lujo de Santiaguino por excelencia. Casual pero sofisticado. Tradicional pero a la moda y muy popula &#8230;<\/div>\n<\/div>\n<div style=\"text-align: center; margin: 0px 10px 0px 10px;\"><a class=\"hbutton-2\" style=\"margin-bottom: 0px; text-align: center;\" href=\"https:\/\/comabeba.com\/chile\/es\/bar-liguria\/\">Leer la cr\u00edtica<br \/>Ver la carta<\/a><\/div>\n<\/div>\n<hr><\/div>\n<div class=\"col-sm-2 col-xs-6\" style=\"padding: 2px !important;\">\n<div class=\"polaroid\"><a href=\"https:\/\/comabeba.com\/chile\/es\/naoki\/\"><img loading=\"lazy\" decoding=\"async\" width=\"704\" height=\"396\" src=\"https:\/\/comabeba.com\/chile\/wp-content\/uploads\/sites\/12\/2019\/03\/NAOKSCL-1.jpg\" class=\"attachment-full size-full wp-post-image\" alt=\"Naoki Santiago\" srcset=\"https:\/\/comabeba.com\/chile\/wp-content\/uploads\/sites\/12\/2019\/03\/NAOKSCL-1.jpg 704w, https:\/\/comabeba.com\/chile\/wp-content\/uploads\/sites\/12\/2019\/03\/NAOKSCL-1-400x225.jpg 400w, https:\/\/comabeba.com\/chile\/wp-content\/uploads\/sites\/12\/2019\/03\/NAOKSCL-1-200x113.jpg 200w\" sizes=\"(max-width: 704px) 100vw, 704px\" \/><\/a><\/p>\n<div class=\"polaroid-content\" style=\"line-height: 1.1em; text-align: center; font-size: 16px;\">\n<div class=\"title-section\">\n<h3 style=\"font-size: 18px; text-align: center; color: black !important;\"><a href=\"https:\/\/comabeba.com\/chile\/es\/naoki\/\">Naoki<\/a><\/h3>\n<\/div>\n<div class=\"resto-meta\"><b>Calificaci\u00f3n: <\/b>4,6 estrellas<br \/>\n<b>Precio: <\/b><br \/>\n<b>Tipo: <\/b>Restaurante casual<br \/>\n<b>Cocina: <\/b>Japonesa<\/div>\n<div class=\"summary-section\"><b>Resumen: <\/b>Uno de los mejores, si no el mejor, restaurante japon\u00e9s en Am\u00e9rica Latina. Popular entre los lugare\u00f1os y los turistas. De moda, elegante y sexy con un &#8230;<\/div>\n<\/div>\n<div style=\"text-align: center; margin: 0px 10px 0px 10px;\"><a class=\"hbutton-2\" style=\"margin-bottom: 0px; text-align: center;\" href=\"https:\/\/comabeba.com\/chile\/es\/naoki\/\">Leer la cr\u00edtica<br \/>Ver la carta<\/a><\/div>\n<\/div>\n<hr><\/div>\n<div class=\"col-sm-2 col-xs-6\" style=\"padding: 2px !important;\">\n<div class=\"polaroid\"><a href=\"https:\/\/comabeba.com\/chile\/es\/happening\/\"><img loading=\"lazy\" decoding=\"async\" width=\"640\" height=\"360\" src=\"https:\/\/comabeba.com\/chile\/wp-content\/uploads\/sites\/12\/2018\/02\/Happening-Placemat.jpg\" class=\"attachment-full size-full wp-post-image\" alt=\"Happening Santiago Chile\" srcset=\"https:\/\/comabeba.com\/chile\/wp-content\/uploads\/sites\/12\/2018\/02\/Happening-Placemat.jpg 640w, https:\/\/comabeba.com\/chile\/wp-content\/uploads\/sites\/12\/2018\/02\/Happening-Placemat-400x225.jpg 400w, https:\/\/comabeba.com\/chile\/wp-content\/uploads\/sites\/12\/2018\/02\/Happening-Placemat-200x113.jpg 200w\" sizes=\"(max-width: 640px) 100vw, 640px\" \/><\/a><\/p>\n<div class=\"polaroid-content\" style=\"line-height: 1.1em; text-align: center; font-size: 16px;\">\n<div class=\"title-section\">\n<h3 style=\"font-size: 18px; text-align: center; color: black !important;\"><a href=\"https:\/\/comabeba.com\/chile\/es\/happening\/\">Happening<\/a><\/h3>\n<\/div>\n<div class=\"resto-meta\"><b>Calificaci\u00f3n: <\/b>4,5 estrellas<br \/>\n<b>Precio: <\/b>-$$$$-<br \/>\n<b>Tipo: <\/b>Parrilla, Restaurante casual exclusivo<br \/>\n<b>Cocina: <\/b>Carnes a la parilla<\/div>\n<div class=\"summary-section\"><b>Resumen: <\/b>Happening es la churrasquer\u00eda de Santiago nacida en Argentina, criada en Chile, casada con una gringa. Es la mezcla perfecta de aqu\u00ed, ah\u00ed, entonces y &#8230;<\/div>\n<\/div>\n<div style=\"text-align: center; margin: 0px 10px 0px 10px;\"><a class=\"hbutton-2\" style=\"margin-bottom: 0px; text-align: center;\" href=\"https:\/\/comabeba.com\/chile\/es\/happening\/\">Leer la cr\u00edtica<br \/>Ver la carta<\/a><\/div>\n<\/div>\n<hr><\/div>\n<\/p><\/div>\n<hr>\n<p><\/p>\n<div style=\"color: black;\">\n<p align=\"center\">.<\/p>\n<\/div>\n<div style=\"margin-top: -40px !important; margin-bottom: -8px !important; color: white; text-align: center;\">\n<p align=\"center\">\n <a class=\"wpv-filter-next-link js-wpv-pagination-next-link page-link \"  href=\"\/chile\/wp-json\/wp\/v2\/pages\/91837?wpv_view_count=92213&#038;wpv_paged=2\"\n\t\t\t\t\tdata-viewnumber=\"92213\" data-page=\"2\"><picture><source srcset=\"https:\/\/comabeba.com\/wp-content\/uploads\/2022\/02\/Right-Arrow-48-webp.webp\"><img loading=\"lazy\" decoding=\"async\" src=\"https:\/\/comabeba.com\/wp-content\/uploads\/2022\/02\/Right-Arrow-48.png\" alt=\"Next\" width=\"48\" height=\"48\"><\/picture><\/a><br \/>\nUsa las flechas para ver m\u00e1s tarjetas de informaci\u00f3n\n<\/div>\n<hr>\n<\/div>\n<p>[\/et_pb_text][\/et_pb_column][\/et_pb_row][\/et_pb_section]<\/p>\n","protected":false},"excerpt":{"rendered":"Todas las cartas de comida con precios para los restaurantes mas populares de Santiago de Chile.","protected":false},"author":1,"featured_media":94104,"parent":0,"menu_order":0,"comment_status":"closed","ping_status":"closed","template":"","meta":{"_et_pb_use_builder":"on","_et_pb_old_content":"","_et_gb_content_width":"","_monsterinsights_skip_tracking":false,"_monsterinsights_sitenote_active":false,"_monsterinsights_sitenote_note":"","_monsterinsights_sitenote_category":0,"footnotes":""},"categories":[1679,1825],"restaurant-type":[],"wp-category-restaurant-rating":[],"restaurant-cuisine":[],"taxonomy-page-type":[],"tcf-menu-items":[],"restaurant-location":[],"restaurant-locale":[],"similar-restaurant":[],"featured-post":[],"class_list":["post-91837","page","type-page","status-publish","has-post-thumbnail","hentry","category-1-contenido-espanol","category-criticas-con-cartas-actualizadas"],"_links":{"self":[{"href":"https:\/\/comabeba.com\/chile\/wp-json\/wp\/v2\/pages\/91837","targetHints":{"allow":["GET"]}}],"collection":[{"href":"https:\/\/comabeba.com\/chile\/wp-json\/wp\/v2\/pages"}],"about":[{"href":"https:\/\/comabeba.com\/chile\/wp-json\/wp\/v2\/types\/page"}],"author":[{"embeddable":true,"href":"https:\/\/comabeba.com\/chile\/wp-json\/wp\/v2\/users\/1"}],"replies":[{"embeddable":true,"href":"https:\/\/comabeba.com\/chile\/wp-json\/wp\/v2\/comments?post=91837"}],"version-history":[{"count":0,"href":"https:\/\/comabeba.com\/chile\/wp-json\/wp\/v2\/pages\/91837\/revisions"}],"wp:featuredmedia":[{"embeddable":true,"href":"https:\/\/comabeba.com\/chile\/wp-json\/wp\/v2\/media\/94104"}],"wp:attachment":[{"href":"https:\/\/comabeba.com\/chile\/wp-json\/wp\/v2\/media?parent=91837"}],"wp:term":[{"taxonomy":"category","embeddable":true,"href":"https:\/\/comabeba.com\/chile\/wp-json\/wp\/v2\/categories?post=91837"},{"taxonomy":"restaurant-type","embeddable":true,"href":"https:\/\/comabeba.com\/chile\/wp-json\/wp\/v2\/restaurant-type?post=91837"},{"taxonomy":"wp-category-restaurant-rating","embeddable":true,"href":"https:\/\/comabeba.com\/chile\/wp-json\/wp\/v2\/wp-category-restaurant-rating?post=91837"},{"taxonomy":"restaurant-cuisine","embeddable":true,"href":"https:\/\/comabeba.com\/chile\/wp-json\/wp\/v2\/restaurant-cuisine?post=91837"},{"taxonomy":"taxonomy-page-type","embeddable":true,"href":"https:\/\/comabeba.com\/chile\/wp-json\/wp\/v2\/taxonomy-page-type?post=91837"},{"taxonomy":"tcf-menu-items","embeddable":true,"href":"https:\/\/comabeba.com\/chile\/wp-json\/wp\/v2\/tcf-menu-items?post=91837"},{"taxonomy":"restaurant-location","embeddable":true,"href":"https:\/\/comabeba.com\/chile\/wp-json\/wp\/v2\/restaurant-location?post=91837"},{"taxonomy":"restaurant-locale","embeddable":true,"href":"https:\/\/comabeba.com\/chile\/wp-json\/wp\/v2\/restaurant-locale?post=91837"},{"taxonomy":"similar-restaurant","embeddable":true,"href":"https:\/\/comabeba.com\/chile\/wp-json\/wp\/v2\/similar-restaurant?post=91837"},{"taxonomy":"featured-post","embeddable":true,"href":"https:\/\/comabeba.com\/chile\/wp-json\/wp\/v2\/featured-post?post=91837"}],"curies":[{"name":"wp","href":"https:\/\/api.w.org\/{rel}","templated":true}]}}