{"id":92460,"date":"2023-07-29T15:49:13","date_gmt":"2023-07-29T15:49:13","guid":{"rendered":"https:\/\/comabeba.com\/argentina\/?page_id=92460"},"modified":"2025-11-15T03:29:03","modified_gmt":"2025-11-15T03:29:03","slug":"cartas-restaurantes-buenos-aires-2024","status":"publish","type":"page","link":"https:\/\/comabeba.com\/argentina\/es\/cartas-restaurantes-buenos-aires-2024\/","title":{"rendered":"Las cartas de restaurantes de Buenos Aires &#8211; 2024"},"content":{"rendered":"<p>[et_pb_section fb_built=&#8221;1&#8243; _builder_version=&#8221;4.21.0&#8243; _module_preset=&#8221;default&#8221; background_color=&#8221;#3d3d3d&#8221; global_module=&#8221;92458&#8243; saved_tabs=&#8221;all&#8221; global_colors_info=&#8221;{}&#8221;][et_pb_row _builder_version=&#8221;4.21.0&#8243; _module_preset=&#8221;default&#8221; width=&#8221;98%&#8221; module_alignment=&#8221;center&#8221; custom_padding=&#8221;25px||||false|false&#8221; global_colors_info=&#8221;{}&#8221;][et_pb_column type=&#8221;4_4&#8243; _builder_version=&#8221;4.21.0&#8243; _module_preset=&#8221;default&#8221; global_colors_info=&#8221;{}&#8221;][et_pb_text admin_label=&#8221;slider-shortcode&#8221; _builder_version=&#8221;4.23.2&#8243; _module_preset=&#8221;default&#8221; custom_padding=&#8221;20px||20px||true|false&#8221; global_colors_info=&#8221;{}&#8221;]<img loading=\"lazy\" decoding=\"async\" class=\"aligncenter size-full\" src=\"\thttps:\/\/comabeba.com\/chile\/wp-content\/uploads\/sites\/12\/2023\/07\/Heading-Mas-cartas-ES.png.webp\" alt=\"\" width=\"170\" height=\"170\" \/>[\/et_pb_text][et_pb_text admin_label=&#8221;page_title &#038; page-intro-summary&#8221; _builder_version=&#8221;4.23.2&#8243; _module_preset=&#8221;default&#8221; text_text_color=&#8221;#FFFFFF&#8221; text_line_height=&#8221;1.2em&#8221; header_text_color=&#8221;#FFFFFF&#8221; text_orientation=&#8221;center&#8221; custom_padding=&#8221;|10px|20px|10px|false|true&#8221; global_colors_info=&#8221;{}&#8221;]<\/p>\n<h1 style=\"text-align: center;\">Las cartas de restaurantes de Buenos Aires - 2024<\/h1>\n<p style=\"text-align: center;\">\n<p>Las rese\u00f1as de estos restaurantes cuentan con men\u00fas actualizados en diciembre de 2023. Haz clic en el bot\u00f3n para leer la rese\u00f1a y ver los men\u00fas de estos restaurantes en Buenos Aires.<\/p>\n<p>[\/et_pb_text][et_pb_text admin_label=&#8221;pagecf-3&#8243; _builder_version=&#8221;4.21.0&#8243; _module_preset=&#8221;default&#8221; module_alignment=&#8221;center&#8221; global_colors_info=&#8221;{}&#8221;]<\/p>\n<form autocomplete=\"off\" name=\"wpv-filter-92448\" action=\"\/argentina\/wp-json\/wp\/v2\/pages\/92460?wpv_view_count=92448\" method=\"get\" class=\"wpv-filter-form js-wpv-filter-form js-wpv-filter-form-92448 js-wpv-form-full\" data-viewnumber=\"92448\" data-viewid=\"92448\" data-viewhash=\"eyJuYW1lIjoiMjAyMy11cGRhdGVkLW1lbnUtZ3JpZC1lcyJ9\" data-viewwidgetid=\"0\" data-orderby=\"\" data-order=\"\" data-orderbyas=\"\" data-orderbysecond=\"\" data-ordersecond=\"\" data-parametric=\"{&quot;query&quot;:&quot;normal&quot;,&quot;id&quot;:&quot;92448&quot;,&quot;view_id&quot;:&quot;92448&quot;,&quot;widget_id&quot;:0,&quot;view_hash&quot;:&quot;92448&quot;,&quot;action&quot;:&quot;\\\/argentina\\\/wp-json\\\/wp\\\/v2\\\/pages\\\/92460?wpv_view_count=92448&quot;,&quot;sort&quot;:{&quot;orderby&quot;:&quot;&quot;,&quot;order&quot;:&quot;&quot;,&quot;orderby_as&quot;:&quot;&quot;,&quot;orderby_second&quot;:&quot;&quot;,&quot;order_second&quot;:&quot;&quot;},&quot;orderby&quot;:&quot;&quot;,&quot;order&quot;:&quot;&quot;,&quot;orderby_as&quot;:&quot;&quot;,&quot;orderby_second&quot;:&quot;&quot;,&quot;order_second&quot;:&quot;&quot;,&quot;ajax_form&quot;:&quot;&quot;,&quot;ajax_results&quot;:&quot;&quot;,&quot;effect&quot;:&quot;fade&quot;,&quot;prebefore&quot;:&quot;&quot;,&quot;before&quot;:&quot;&quot;,&quot;after&quot;:&quot;&quot;,&quot;attributes&quot;:[],&quot;environment&quot;:{&quot;current_post_id&quot;:92460,&quot;parent_post_id&quot;:92460,&quot;parent_term_id&quot;:0,&quot;parent_user_id&quot;:0,&quot;archive&quot;:{&quot;type&quot;:&quot;&quot;,&quot;name&quot;:&quot;&quot;,&quot;data&quot;:[]}},&quot;loop&quot;:{&quot;type&quot;:&quot;&quot;,&quot;name&quot;:&quot;&quot;,&quot;data&quot;:[],&quot;id&quot;:0}}\" data-attributes=\"[]\" data-environment=\"{&quot;current_post_id&quot;:92460,&quot;parent_post_id&quot;:92460,&quot;parent_term_id&quot;:0,&quot;parent_user_id&quot;:0,&quot;archive&quot;:{&quot;type&quot;:&quot;&quot;,&quot;name&quot;:&quot;&quot;,&quot;data&quot;:[]}}\"><input type=\"hidden\" class=\"js-wpv-dps-filter-data js-wpv-filter-data-for-this-form\" data-action=\"\/argentina\/wp-json\/wp\/v2\/pages\/92460?wpv_view_count=92448\" data-page=\"1\" data-ajax=\"disable\" data-effect=\"fade\" data-maxpages=\"10\" data-ajaxprebefore=\"\" data-ajaxbefore=\"\" data-ajaxafter=\"\" \/><input class=\"wpv_view_count wpv_view_count-92448\" type=\"hidden\" name=\"wpv_view_count\" value=\"92448\" \/><\/p>\n<\/form>\n<div id=\"wpv-view-layout-92448\" class=\"js-wpv-view-layout js-wpv-layout-responsive js-wpv-view-layout-92448 wpv-pagination js-wpv-layout-has-pagination wpv-pagination-preload-images js-wpv-layout-preload-images wpv-pagination-preload-pages js-wpv-layout-preload-pages\" style=\"visibility:hidden;\" data-viewnumber=\"92448\" data-pagination=\"{&quot;id&quot;:&quot;92448&quot;,&quot;query&quot;:&quot;normal&quot;,&quot;type&quot;:&quot;ajaxed&quot;,&quot;effect&quot;:&quot;fade&quot;,&quot;duration&quot;:&quot;500&quot;,&quot;speed&quot;:&quot;5&quot;,&quot;pause_on_hover&quot;:&quot;enabled&quot;,&quot;stop_rollover&quot;:&quot;false&quot;,&quot;cache_pages&quot;:&quot;enabled&quot;,&quot;preload_images&quot;:&quot;enabled&quot;,&quot;preload_pages&quot;:&quot;enabled&quot;,&quot;preload_reach&quot;:&quot;1&quot;,&quot;spinner&quot;:&quot;builtin&quot;,&quot;spinner_image&quot;:&quot;&quot;,&quot;callback_next&quot;:&quot;&quot;,&quot;manage_history&quot;:&quot;disabled&quot;,&quot;has_controls_in_form&quot;:&quot;disabled&quot;,&quot;infinite_tolerance&quot;:0,&quot;max_pages&quot;:10,&quot;page&quot;:1,&quot;base_permalink&quot;:&quot;\/argentina\/wp-json\/wp\/v2\/pages\/92460?wpv_view_count=92448&amp;wpv_paged=WPV_PAGE_NUM&quot;,&quot;loop&quot;:{&quot;type&quot;:&quot;&quot;,&quot;name&quot;:&quot;&quot;,&quot;data&quot;:[],&quot;id&quot;:0}}\" data-permalink=\"\/argentina\/wp-json\/wp\/v2\/pages\/92460?wpv_view_count=92448\">\n<div class=\"row\" style=\"width: 100% !important; margin: auto;\">\n<div class=\"col-sm-2 col-xs-6\" style=\"padding: 2px !important;\">\n<div class=\"polaroid\"><a href=\"https:\/\/comabeba.com\/argentina\/es\/piano-nobile-palacio-duhau\/\"><img loading=\"lazy\" decoding=\"async\" width=\"1088\" height=\"612\" src=\"https:\/\/comabeba.com\/argentina\/wp-content\/uploads\/sites\/11\/2018\/10\/PIANOBILE-13.jpg\" class=\"attachment-full size-full wp-post-image\" alt=\"\" srcset=\"https:\/\/comabeba.com\/argentina\/wp-content\/uploads\/sites\/11\/2018\/10\/PIANOBILE-13.jpg 1088w, https:\/\/comabeba.com\/argentina\/wp-content\/uploads\/sites\/11\/2018\/10\/PIANOBILE-13-480x270.jpg 480w\" sizes=\"(min-width: 0px) and (max-width: 480px) 480px, (min-width: 481px) 1088px, 100vw\" \/><\/a><\/p>\n<div class=\"polaroid-content\" style=\"line-height: 1.1em; text-align: center; font-size: 16px;\">\n<div class=\"title-section\">\n<h3 style=\"font-size: 18px; text-align: center; color: black !important;\"><a href=\"https:\/\/comabeba.com\/argentina\/es\/piano-nobile-palacio-duhau\/\">Piano Nobile - Palacio Duhau<\/a><\/h3>\n<\/div>\n<div class=\"resto-meta\"><b>Calificaci\u00f3n: <\/b>4,6 estrellas<br \/>\n<b>Precio: <\/b>-$$$-<br \/>\n<b>Tipo: <\/b>Cafeter\u00eda, Restaurante casual<br \/>\n<b>Cocina: <\/b>Caf\u00e9-Panes-Pasteles, Ensaladas, Sandwiches<\/div>\n<div class=\"summary-section\"><b>Resumen: <\/b>Piano Nobile es el restaurante informal en el Palacio Duhau que sirve desayunos, almuerzos y refrigerios al atardecer en una propiedad hist\u00f3rica en la &#8230;<\/div>\n<\/div>\n<div style=\"text-align: center; margin: 0px 10px 0px 10px;\"><a class=\"hbutton-2\" style=\"margin-bottom: 0px; text-align: center;\" href=\"https:\/\/comabeba.com\/argentina\/es\/piano-nobile-palacio-duhau\/\">Leer la cr\u00edtica<br \/>Ver la carta<\/a><\/div>\n<\/div>\n<hr><\/div>\n<div class=\"col-sm-2 col-xs-6\" style=\"padding: 2px !important;\">\n<div class=\"polaroid\"><a href=\"https:\/\/comabeba.com\/argentina\/es\/roux\/\"><img loading=\"lazy\" decoding=\"async\" width=\"640\" height=\"359\" src=\"https:\/\/comabeba.com\/argentina\/wp-content\/uploads\/sites\/11\/2017\/09\/Roux-Buenos-Aires-12.jpg\" class=\"attachment-full size-full wp-post-image\" alt=\"Roux Buenos Aires\" srcset=\"https:\/\/comabeba.com\/argentina\/wp-content\/uploads\/sites\/11\/2017\/09\/Roux-Buenos-Aires-12.jpg 640w, https:\/\/comabeba.com\/argentina\/wp-content\/uploads\/sites\/11\/2017\/09\/Roux-Buenos-Aires-12-400x224.jpg 400w, https:\/\/comabeba.com\/argentina\/wp-content\/uploads\/sites\/11\/2017\/09\/Roux-Buenos-Aires-12-200x112.jpg 200w\" sizes=\"(max-width: 640px) 100vw, 640px\" \/><\/a><\/p>\n<div class=\"polaroid-content\" style=\"line-height: 1.1em; text-align: center; font-size: 16px;\">\n<div class=\"title-section\">\n<h3 style=\"font-size: 18px; text-align: center; color: black !important;\"><a href=\"https:\/\/comabeba.com\/argentina\/es\/roux\/\">Roux<\/a><\/h3>\n<\/div>\n<div class=\"resto-meta\"><b>Calificaci\u00f3n: <\/b>4,6 estrellas<br \/>\n<b>Precio: <\/b>-$$$$-<br \/>\n<b>Tipo: <\/b>Restaurante de lujo<br \/>\n<b>Cocina: <\/b>Francesa, Gourmet ecl\u00e9ctica<\/div>\n<div class=\"summary-section\"><b>Resumen: <\/b>Haciendo uso de las t\u00e9cnicas francesas tradicionales, el Chef Rebaudino ha creado platos gourmet al gran estilo franc\u00e9s, prestando atenci\u00f3n a cada det &#8230;<\/div>\n<\/div>\n<div style=\"text-align: center; margin: 0px 10px 0px 10px;\"><a class=\"hbutton-2\" style=\"margin-bottom: 0px; text-align: center;\" href=\"https:\/\/comabeba.com\/argentina\/es\/roux\/\">Leer la cr\u00edtica<br \/>Ver la carta<\/a><\/div>\n<\/div>\n<hr><\/div>\n<div class=\"col-sm-2 col-xs-6\" style=\"padding: 2px !important;\">\n<div class=\"polaroid\"><a href=\"https:\/\/comabeba.com\/argentina\/es\/casa-cavia\/\"><img loading=\"lazy\" decoding=\"async\" width=\"1088\" height=\"612\" src=\"https:\/\/comabeba.com\/argentina\/wp-content\/uploads\/sites\/11\/2018\/08\/BA-Casa-Cavia-22.jpg\" class=\"attachment-full size-full wp-post-image\" alt=\"\" srcset=\"https:\/\/comabeba.com\/argentina\/wp-content\/uploads\/sites\/11\/2018\/08\/BA-Casa-Cavia-22.jpg 1088w, https:\/\/comabeba.com\/argentina\/wp-content\/uploads\/sites\/11\/2018\/08\/BA-Casa-Cavia-22-400x225.jpg 400w, https:\/\/comabeba.com\/argentina\/wp-content\/uploads\/sites\/11\/2018\/08\/BA-Casa-Cavia-22-960x540.jpg 960w, https:\/\/comabeba.com\/argentina\/wp-content\/uploads\/sites\/11\/2018\/08\/BA-Casa-Cavia-22-200x113.jpg 200w, https:\/\/comabeba.com\/argentina\/wp-content\/uploads\/sites\/11\/2018\/08\/BA-Casa-Cavia-22-768x432.jpg 768w\" sizes=\"(max-width: 1088px) 100vw, 1088px\" \/><\/a><\/p>\n<div class=\"polaroid-content\" style=\"line-height: 1.1em; text-align: center; font-size: 16px;\">\n<div class=\"title-section\">\n<h3 style=\"font-size: 18px; text-align: center; color: black !important;\"><a href=\"https:\/\/comabeba.com\/argentina\/es\/casa-cavia\/\">Casa Cavia<\/a><\/h3>\n<\/div>\n<div class=\"resto-meta\"><b>Calificaci\u00f3n: <\/b>4,6 estrellas<br \/>\n<b>Precio: <\/b>-$$$$-<br \/>\n<b>Tipo: <\/b>Restaurante de lujo<br \/>\n<b>Cocina: <\/b>Gourmet ecl\u00e9ctica<\/div>\n<div class=\"summary-section\"><b>Resumen: <\/b>Casa Cavia se enmarca en el grupo de \u00e9lite de los cinco mejores restaurantes de lujo de la ciudad. Cubren todas las bases para crear una experiencia g &#8230;<\/div>\n<\/div>\n<div style=\"text-align: center; margin: 0px 10px 0px 10px;\"><a class=\"hbutton-2\" style=\"margin-bottom: 0px; text-align: center;\" href=\"https:\/\/comabeba.com\/argentina\/es\/casa-cavia\/\">Leer la cr\u00edtica<br \/>Ver la carta<\/a><\/div>\n<\/div>\n<hr><\/div>\n<div class=\"col-sm-2 col-xs-6\" style=\"padding: 2px !important;\">\n<div class=\"polaroid\"><a href=\"https:\/\/comabeba.com\/argentina\/es\/vico-wine-bar-buenos-aires\/\"><img loading=\"lazy\" decoding=\"async\" width=\"1088\" height=\"611\" src=\"https:\/\/comabeba.com\/argentina\/wp-content\/uploads\/sites\/11\/2019\/01\/VICOWBBSAS-7.jpg\" class=\"attachment-full size-full wp-post-image\" alt=\"\" srcset=\"https:\/\/comabeba.com\/argentina\/wp-content\/uploads\/sites\/11\/2019\/01\/VICOWBBSAS-7.jpg 1088w, https:\/\/comabeba.com\/argentina\/wp-content\/uploads\/sites\/11\/2019\/01\/VICOWBBSAS-7-480x270.jpg 480w\" sizes=\"(min-width: 0px) and (max-width: 480px) 480px, (min-width: 481px) 1088px, 100vw\" \/><\/a><\/p>\n<div class=\"polaroid-content\" style=\"line-height: 1.1em; text-align: center; font-size: 16px;\">\n<div class=\"title-section\">\n<h3 style=\"font-size: 18px; text-align: center; color: black !important;\"><a href=\"https:\/\/comabeba.com\/argentina\/es\/vico-wine-bar-buenos-aires\/\">Vico Wine Bar<\/a><\/h3>\n<\/div>\n<div class=\"resto-meta\"><b>Calificaci\u00f3n: <\/b>4,6 estrellas<br \/>\n<b>Precio: <\/b>-$$$$-<br \/>\n<b>Tipo: <\/b>Restaurante casual<br \/>\n<b>Cocina: <\/b>Eclectic Gourmet<\/div>\n<div class=\"summary-section\"><b>Resumen: <\/b>Vico Wine Bar, con un men\u00fa bien ejecutado lleno de platos de estilo gourmet, un ambiente moderno en una sala llena de gente hermosa de la ciudad y una &#8230;<\/div>\n<\/div>\n<div style=\"text-align: center; margin: 0px 10px 0px 10px;\"><a class=\"hbutton-2\" style=\"margin-bottom: 0px; text-align: center;\" href=\"https:\/\/comabeba.com\/argentina\/es\/vico-wine-bar-buenos-aires\/\">Leer la cr\u00edtica<br \/>Ver la carta<\/a><\/div>\n<\/div>\n<hr><\/div>\n<div class=\"col-sm-2 col-xs-6\" style=\"padding: 2px !important;\">\n<div class=\"polaroid\"><a href=\"https:\/\/comabeba.com\/argentina\/es\/duhau-restaurante-y-vinoteca\/\"><img loading=\"lazy\" decoding=\"async\" width=\"1088\" height=\"612\" src=\"https:\/\/comabeba.com\/argentina\/wp-content\/uploads\/sites\/11\/2018\/10\/Duhau-Restaurante-y-Vinoteca-142.jpg\" class=\"attachment-full size-full wp-post-image\" alt=\"\" srcset=\"https:\/\/comabeba.com\/argentina\/wp-content\/uploads\/sites\/11\/2018\/10\/Duhau-Restaurante-y-Vinoteca-142.jpg 1088w, https:\/\/comabeba.com\/argentina\/wp-content\/uploads\/sites\/11\/2018\/10\/Duhau-Restaurante-y-Vinoteca-142-480x270.jpg 480w\" sizes=\"(min-width: 0px) and (max-width: 480px) 480px, (min-width: 481px) 1088px, 100vw\" \/><\/a><\/p>\n<div class=\"polaroid-content\" style=\"line-height: 1.1em; text-align: center; font-size: 16px;\">\n<div class=\"title-section\">\n<h3 style=\"font-size: 18px; text-align: center; color: black !important;\"><a href=\"https:\/\/comabeba.com\/argentina\/es\/duhau-restaurante-y-vinoteca\/\">Duhau Restaurante y Vinoteca<\/a><\/h3>\n<\/div>\n<div class=\"resto-meta\"><b>Calificaci\u00f3n: <\/b>4,5 estrellas<br \/>\n<b>Precio: <\/b>-$$$$$-<br \/>\n<b>Tipo: <\/b>Restaurante de lujo<br \/>\n<b>Cocina: <\/b>Cocina gourmet<\/div>\n<div class=\"summary-section\"><b>Resumen: <\/b>El Duhau Restaurante y Vinoteca de Hyatt ofrece alta cocina bien ejecutada con un servicio casi perfecto en un ambiente de lujo. Es, quiz\u00e1s, la opci\u00f3n &#8230;<\/div>\n<\/div>\n<div style=\"text-align: center; margin: 0px 10px 0px 10px;\"><a class=\"hbutton-2\" style=\"margin-bottom: 0px; text-align: center;\" href=\"https:\/\/comabeba.com\/argentina\/es\/duhau-restaurante-y-vinoteca\/\">Leer la cr\u00edtica<br \/>Ver la carta<\/a><\/div>\n<\/div>\n<hr><\/div>\n<div class=\"col-sm-2 col-xs-6\" style=\"padding: 2px !important;\">\n<div class=\"polaroid\"><a href=\"https:\/\/comabeba.com\/argentina\/es\/gioia\/\"><img loading=\"lazy\" decoding=\"async\" width=\"1088\" height=\"612\" src=\"https:\/\/comabeba.com\/argentina\/wp-content\/uploads\/sites\/11\/2018\/10\/HYATTBSASGIOIA-12.jpg\" class=\"attachment-full size-full wp-post-image\" alt=\"Gioia Buenos Aires\" srcset=\"https:\/\/comabeba.com\/argentina\/wp-content\/uploads\/sites\/11\/2018\/10\/HYATTBSASGIOIA-12.jpg 1088w, https:\/\/comabeba.com\/argentina\/wp-content\/uploads\/sites\/11\/2018\/10\/HYATTBSASGIOIA-12-480x270.jpg 480w\" sizes=\"(min-width: 0px) and (max-width: 480px) 480px, (min-width: 481px) 1088px, 100vw\" \/><\/a><\/p>\n<div class=\"polaroid-content\" style=\"line-height: 1.1em; text-align: center; font-size: 16px;\">\n<div class=\"title-section\">\n<h3 style=\"font-size: 18px; text-align: center; color: black !important;\"><a href=\"https:\/\/comabeba.com\/argentina\/es\/gioia\/\">Gioia<\/a><\/h3>\n<\/div>\n<div class=\"resto-meta\"><b>Calificaci\u00f3n: <\/b>4,5 estrellas<br \/>\n<b>Precio: <\/b>-$$$$$-<br \/>\n<b>Tipo: <\/b>Restaurante de lujo<br \/>\n<b>Cocina: <\/b>Cocina gourmet<\/div>\n<div class=\"summary-section\"><b>Resumen: <\/b>El men\u00fa de Gioia es completamente vegano o vegetariano. Ni un solo plato de carne en el men\u00fa. Pero el chef ha creado un men\u00fa breve pero imaginativo a &#8230;<\/div>\n<\/div>\n<div style=\"text-align: center; margin: 0px 10px 0px 10px;\"><a class=\"hbutton-2\" style=\"margin-bottom: 0px; text-align: center;\" href=\"https:\/\/comabeba.com\/argentina\/es\/gioia\/\">Leer la cr\u00edtica<br \/>Ver la carta<\/a><\/div>\n<\/div>\n<hr><\/div>\n<\/p><\/div>\n<hr>\n<p><\/p>\n<div style=\"color: black;\">\n<p align=\"center\">.<\/p>\n<\/div>\n<div style=\"margin-top: -40px !important; margin-bottom: -8px !important; color: white; text-align: center;\">\n<p align=\"center\">\n <a class=\"wpv-filter-next-link js-wpv-pagination-next-link page-link \"  href=\"\/argentina\/wp-json\/wp\/v2\/pages\/92460?wpv_view_count=92448&#038;wpv_paged=2\"\n\t\t\t\t\tdata-viewnumber=\"92448\" data-page=\"2\"><picture><source srcset=\"https:\/\/comabeba.com\/wp-content\/uploads\/2022\/02\/Right-Arrow-48-webp.webp\"><img loading=\"lazy\" decoding=\"async\" src=\"https:\/\/comabeba.com\/wp-content\/uploads\/2022\/02\/Right-Arrow-48.png\" alt=\"Next\" width=\"48\" height=\"48\"><\/picture><\/a><br \/>\nUsa las flechas para ver m\u00e1s tarjetas de informaci\u00f3n\n<\/div>\n<hr>\n<\/div>\n<p>[\/et_pb_text][\/et_pb_column][\/et_pb_row][\/et_pb_section]<\/p>\n","protected":false},"excerpt":{"rendered":"xxx","protected":false},"author":1,"featured_media":0,"parent":0,"menu_order":0,"comment_status":"closed","ping_status":"closed","template":"","meta":{"_et_pb_use_builder":"on","_et_pb_old_content":"","_et_gb_content_width":"","_monsterinsights_skip_tracking":false,"_monsterinsights_sitenote_active":false,"_monsterinsights_sitenote_note":"","_monsterinsights_sitenote_category":0,"loftloader_page_shortcode":"","footnotes":""},"categories":[2717,2222],"restaurant-type":[],"establishment-rating":[],"restaurant-cost":[],"wp-category-restaurant-rating":[],"restaurant-cuisine":[],"restaurant-locale":[],"service-type":[],"tcf-menu-items":[],"restaurant-menu-types":[],"city-locale":[],"featured-post":[],"class_list":["post-92460","page","type-page","status-publish","hentry","category-contenido-espanol","category-paginas-mejores-por"],"_links":{"self":[{"href":"https:\/\/comabeba.com\/argentina\/wp-json\/wp\/v2\/pages\/92460","targetHints":{"allow":["GET"]}}],"collection":[{"href":"https:\/\/comabeba.com\/argentina\/wp-json\/wp\/v2\/pages"}],"about":[{"href":"https:\/\/comabeba.com\/argentina\/wp-json\/wp\/v2\/types\/page"}],"author":[{"embeddable":true,"href":"https:\/\/comabeba.com\/argentina\/wp-json\/wp\/v2\/users\/1"}],"replies":[{"embeddable":true,"href":"https:\/\/comabeba.com\/argentina\/wp-json\/wp\/v2\/comments?post=92460"}],"version-history":[{"count":5,"href":"https:\/\/comabeba.com\/argentina\/wp-json\/wp\/v2\/pages\/92460\/revisions"}],"predecessor-version":[{"id":96822,"href":"https:\/\/comabeba.com\/argentina\/wp-json\/wp\/v2\/pages\/92460\/revisions\/96822"}],"wp:attachment":[{"href":"https:\/\/comabeba.com\/argentina\/wp-json\/wp\/v2\/media?parent=92460"}],"wp:term":[{"taxonomy":"category","embeddable":true,"href":"https:\/\/comabeba.com\/argentina\/wp-json\/wp\/v2\/categories?post=92460"},{"taxonomy":"restaurant-type","embeddable":true,"href":"https:\/\/comabeba.com\/argentina\/wp-json\/wp\/v2\/restaurant-type?post=92460"},{"taxonomy":"establishment-rating","embeddable":true,"href":"https:\/\/comabeba.com\/argentina\/wp-json\/wp\/v2\/establishment-rating?post=92460"},{"taxonomy":"restaurant-cost","embeddable":true,"href":"https:\/\/comabeba.com\/argentina\/wp-json\/wp\/v2\/restaurant-cost?post=92460"},{"taxonomy":"wp-category-restaurant-rating","embeddable":true,"href":"https:\/\/comabeba.com\/argentina\/wp-json\/wp\/v2\/wp-category-restaurant-rating?post=92460"},{"taxonomy":"restaurant-cuisine","embeddable":true,"href":"https:\/\/comabeba.com\/argentina\/wp-json\/wp\/v2\/restaurant-cuisine?post=92460"},{"taxonomy":"restaurant-locale","embeddable":true,"href":"https:\/\/comabeba.com\/argentina\/wp-json\/wp\/v2\/restaurant-locale?post=92460"},{"taxonomy":"service-type","embeddable":true,"href":"https:\/\/comabeba.com\/argentina\/wp-json\/wp\/v2\/service-type?post=92460"},{"taxonomy":"tcf-menu-items","embeddable":true,"href":"https:\/\/comabeba.com\/argentina\/wp-json\/wp\/v2\/tcf-menu-items?post=92460"},{"taxonomy":"restaurant-menu-types","embeddable":true,"href":"https:\/\/comabeba.com\/argentina\/wp-json\/wp\/v2\/restaurant-menu-types?post=92460"},{"taxonomy":"city-locale","embeddable":true,"href":"https:\/\/comabeba.com\/argentina\/wp-json\/wp\/v2\/city-locale?post=92460"},{"taxonomy":"featured-post","embeddable":true,"href":"https:\/\/comabeba.com\/argentina\/wp-json\/wp\/v2\/featured-post?post=92460"}],"curies":[{"name":"wp","href":"https:\/\/api.w.org\/{rel}","templated":true}]}}