{"id":66703,"date":"2018-10-29T19:49:27","date_gmt":"2018-10-29T19:49:27","guid":{"rendered":"http:\/\/comabeba.com\/argentina\/?page_id=66703"},"modified":"2025-11-15T03:22:25","modified_gmt":"2025-11-15T03:22:25","slug":"contacto","status":"publish","type":"page","link":"https:\/\/comabeba.com\/argentina\/es\/contacto\/","title":{"rendered":"Contacto"},"content":{"rendered":"<p>[et_pb_section bb_built=&#8221;1&#8243; _builder_version=&#8221;3.15&#8243; background_color=&#8221;rgba(255,255,255,0.86)&#8221;][et_pb_row][et_pb_column type=&#8221;2_3&#8243;][et_pb_contact_form admin_label=&#8221;Formulario de Contacto&#8221; _builder_version=&#8221;3.15&#8243; title=&#8221;Formulario de Contacto&#8221; success_message=&#8221;Genial. Le mantendremos informado sobre nuevos art\u00edculos y rese\u00f1as en las ciudades indicadas.&#8221; submit_button_text=&#8221;Enviar&#8221; email=&#8221;contacto@comabeba.com&#8221; background_color=&#8221;rgba(0,0,0,0)&#8221; title_text_color=&#8221;#ceb48c&#8221; custom_padding=&#8221;50px|||&#8221; custom_css_captcha_label=&#8221;color: white;||font-size: 18px;&#8221; form_field_font_size=&#8221;13&#8243; form_field_line_height=&#8221;1.2em&#8221; custom_message=&#8221;%%nombre%%||et_pb_line_break_holder||%%correo_electronico%%||et_pb_line_break_holder||%%mensaje%%||et_pb_line_break_holder||Add to these lists:||et_pb_line_break_holder||%%grupo_correo%%||et_pb_line_break_holder||In these cities||et_pb_line_break_holder||%%grupo_ciudad%%||et_pb_line_break_holder||&#8221; form_field_text_color=&#8221;#7a7a7a&#8221;][et_pb_contact_field field_title=&#8221;Nombre&#8221; field_type=&#8221;input&#8221; field_id=&#8221;nombre&#8221; required_mark=&#8221;on&#8221; fullwidth_field=&#8221;off&#8221; _builder_version=&#8221;3.15&#8243; checkbox_checked=&#8221;off&#8221; checkbox_options=&#8221;%91{%22value%22:%22Name%22,%22checked%22:0}%93&#8243; radio_options=&#8221;%91{%22value%22:%22Name%22,%22checked%22:0}%93&#8243; select_options=&#8221;%91{%22value%22:%22Name%22,%22checked%22:0}%93&#8243; min_length=&#8221;0&#8243; max_length=&#8221;0&#8243; allowed_symbols=&#8221;all&#8221; conditional_logic=&#8221;off&#8221; conditional_logic_relation=&#8221;off&#8221; conditional_logic_rules=&#8221;%91{%22field%22:%22correo_electronicio%22,%22condition%22:%22is%22,%22value%22:%22%22}%93&#8243; use_background_color_gradient=&#8221;off&#8221; background_color_gradient_start=&#8221;#2b87da&#8221; background_color_gradient_end=&#8221;#29c4a9&#8243; background_color_gradient_type=&#8221;linear&#8221; background_color_gradient_direction=&#8221;180deg&#8221; background_color_gradient_direction_radial=&#8221;center&#8221; background_color_gradient_start_position=&#8221;0%&#8221; background_color_gradient_end_position=&#8221;100%&#8221; background_color_gradient_overlays_image=&#8221;off&#8221; parallax=&#8221;off&#8221; parallax_method=&#8221;on&#8221; background_size=&#8221;cover&#8221; background_position=&#8221;center&#8221; background_repeat=&#8221;no-repeat&#8221; background_blend=&#8221;normal&#8221; allow_player_pause=&#8221;off&#8221; background_video_pause_outside_viewport=&#8221;on&#8221; form_field_text_shadow_style=&#8221;none&#8221; box_shadow_style=&#8221;none&#8221; \/][et_pb_contact_field field_title=&#8221;Direcci\u00f3n de correo electr\u00f3nico&#8221; field_type=&#8221;email&#8221; field_id=&#8221;correo_electronico&#8221; required_mark=&#8221;on&#8221; fullwidth_field=&#8221;off&#8221; _builder_version=&#8221;3.15&#8243; checkbox_checked=&#8221;off&#8221; checkbox_options=&#8221;%91{%22value%22:%22Email Address%22,%22checked%22:0}%93&#8243; radio_options=&#8221;%91{%22value%22:%22Email Address%22,%22checked%22:0}%93&#8243; select_options=&#8221;%91{%22value%22:%22Email Address%22,%22checked%22:0}%93&#8243; min_length=&#8221;0&#8243; max_length=&#8221;0&#8243; allowed_symbols=&#8221;all&#8221; conditional_logic=&#8221;off&#8221; conditional_logic_relation=&#8221;off&#8221; conditional_logic_rules=&#8221;%91{%22field%22:%22nombre%22,%22condition%22:%22is%22,%22value%22:%22%22}%93&#8243; use_background_color_gradient=&#8221;off&#8221; background_color_gradient_start=&#8221;#2b87da&#8221; background_color_gradient_end=&#8221;#29c4a9&#8243; background_color_gradient_type=&#8221;linear&#8221; background_color_gradient_direction=&#8221;180deg&#8221; background_color_gradient_direction_radial=&#8221;center&#8221; background_color_gradient_start_position=&#8221;0%&#8221; background_color_gradient_end_position=&#8221;100%&#8221; background_color_gradient_overlays_image=&#8221;off&#8221; parallax=&#8221;off&#8221; parallax_method=&#8221;on&#8221; background_size=&#8221;cover&#8221; background_position=&#8221;center&#8221; background_repeat=&#8221;no-repeat&#8221; background_blend=&#8221;normal&#8221; allow_player_pause=&#8221;off&#8221; background_video_pause_outside_viewport=&#8221;on&#8221; form_field_text_shadow_style=&#8221;none&#8221; box_shadow_style=&#8221;none&#8221; form_field_text_shadow_horizontal_length=&#8221;0em&#8221; form_field_text_shadow_vertical_length=&#8221;0em&#8221; form_field_text_shadow_blur_strength=&#8221;0em&#8221; \/][et_pb_contact_field field_title=&#8221;Mensaje&#8221; field_type=&#8221;text&#8221; field_id=&#8221;mensaje&#8221; required_mark=&#8221;on&#8221; fullwidth_field=&#8221;on&#8221; _builder_version=&#8221;3.15&#8243; checkbox_checked=&#8221;off&#8221; checkbox_options=&#8221;%91{%22value%22:%22Message%22,%22checked%22:0}%93&#8243; radio_options=&#8221;%91{%22value%22:%22Message%22,%22checked%22:0}%93&#8243; select_options=&#8221;%91{%22value%22:%22Message%22,%22checked%22:0}%93&#8243; min_length=&#8221;0&#8243; max_length=&#8221;0&#8243; allowed_symbols=&#8221;all&#8221; conditional_logic=&#8221;off&#8221; conditional_logic_relation=&#8221;off&#8221; conditional_logic_rules=&#8221;%91{%22field%22:%22nombre%22,%22condition%22:%22is%22,%22value%22:%22%22}%93&#8243; use_background_color_gradient=&#8221;off&#8221; background_color_gradient_start=&#8221;#2b87da&#8221; background_color_gradient_end=&#8221;#29c4a9&#8243; background_color_gradient_type=&#8221;linear&#8221; background_color_gradient_direction=&#8221;180deg&#8221; background_color_gradient_direction_radial=&#8221;center&#8221; background_color_gradient_start_position=&#8221;0%&#8221; background_color_gradient_end_position=&#8221;100%&#8221; background_color_gradient_overlays_image=&#8221;off&#8221; parallax=&#8221;off&#8221; parallax_method=&#8221;on&#8221; background_size=&#8221;cover&#8221; background_position=&#8221;center&#8221; background_repeat=&#8221;no-repeat&#8221; background_blend=&#8221;normal&#8221; allow_player_pause=&#8221;off&#8221; background_video_pause_outside_viewport=&#8221;on&#8221; form_field_text_shadow_style=&#8221;none&#8221; box_shadow_style=&#8221;none&#8221; \/][et_pb_contact_field _builder_version=&#8221;3.15&#8243; field_id=&#8221;grupo_correo&#8221; field_type=&#8221;checkbox&#8221; checkbox_checked=&#8221;off&#8221; checkbox_options=&#8221;%91{%22value%22:%22Club ComaBeba (para entusiastas de la gastronom\u00eda, detalles abajo)%22,%22checked%22:0},{%22value%22:%22Mesa del Chef (para propietarios, gerentes y chefs de restaurantes, detalles abajo)%22,%22checked%22:0},{%22value%22:%22Lista de correo de ComaBeba%22,%22checked%22:0}%93&#8243; radio_options=&#8221;%91{%22value%22:%22%22,%22checked%22:0}%93&#8243; select_options=&#8221;%91{%22value%22:%22%22,%22checked%22:0}%93&#8243; min_length=&#8221;0&#8243; max_length=&#8221;0&#8243; allowed_symbols=&#8221;all&#8221; required_mark=&#8221;on&#8221; conditional_logic=&#8221;off&#8221; conditional_logic_relation=&#8221;off&#8221; conditional_logic_rules=&#8221;%91{%22field%22:%22nombre%22,%22condition%22:%22is%22,%22value%22:%22%22}%93&#8243; use_background_color_gradient=&#8221;off&#8221; background_color_gradient_start=&#8221;#2b87da&#8221; background_color_gradient_end=&#8221;#29c4a9&#8243; background_color_gradient_type=&#8221;linear&#8221; background_color_gradient_direction=&#8221;180deg&#8221; background_color_gradient_direction_radial=&#8221;center&#8221; background_color_gradient_start_position=&#8221;0%&#8221; background_color_gradient_end_position=&#8221;100%&#8221; background_color_gradient_overlays_image=&#8221;off&#8221; parallax=&#8221;off&#8221; parallax_method=&#8221;on&#8221; background_size=&#8221;cover&#8221; background_position=&#8221;center&#8221; background_repeat=&#8221;no-repeat&#8221; background_blend=&#8221;normal&#8221; allow_player_pause=&#8221;off&#8221; fullwidth_field=&#8221;on&#8221; form_field_text_color=&#8221;#7f7f7f&#8221; field_title=&#8221;Sumarte &#8230;&#8221; background_video_pause_outside_viewport=&#8221;on&#8221; form_field_text_shadow_style=&#8221;none&#8221; box_shadow_style=&#8221;none&#8221; form_field_text_shadow_horizontal_length=&#8221;0em&#8221; form_field_text_shadow_vertical_length=&#8221;0em&#8221; form_field_text_shadow_blur_strength=&#8221;0em&#8221; \/][et_pb_contact_field _builder_version=&#8221;3.15&#8243; field_id=&#8221;grupo_ciudad&#8221; field_type=&#8221;checkbox&#8221; checkbox_checked=&#8221;off&#8221; checkbox_options=&#8221;%91{%22value%22:%22Bogot\u00e1%22,%22checked%22:0},{%22value%22:%22Buenos Aires%22,%22checked%22:0},{%22value%22:%22Ciudad de M\u00e9xico%22,%22checked%22:0},{%22value%22:%22Lima%22,%22checked%22:0},{%22value%22:%22Santiago de Chile%22,%22checked%22:0}%93&#8243; radio_options=&#8221;%91{%22value%22:%22%22,%22checked%22:0}%93&#8243; select_options=&#8221;%91{%22value%22:%22%22,%22checked%22:0}%93&#8243; min_length=&#8221;0&#8243; max_length=&#8221;0&#8243; allowed_symbols=&#8221;all&#8221; required_mark=&#8221;off&#8221; conditional_logic=&#8221;off&#8221; conditional_logic_relation=&#8221;off&#8221; conditional_logic_rules=&#8221;%91{%22field%22:%22nombre%22,%22condition%22:%22is%22,%22value%22:%22%22}%93&#8243; use_background_color_gradient=&#8221;off&#8221; background_color_gradient_start=&#8221;#2b87da&#8221; background_color_gradient_end=&#8221;#29c4a9&#8243; background_color_gradient_type=&#8221;linear&#8221; background_color_gradient_direction=&#8221;180deg&#8221; background_color_gradient_direction_radial=&#8221;center&#8221; background_color_gradient_start_position=&#8221;0%&#8221; background_color_gradient_end_position=&#8221;100%&#8221; background_color_gradient_overlays_image=&#8221;off&#8221; parallax=&#8221;off&#8221; parallax_method=&#8221;on&#8221; background_size=&#8221;cover&#8221; background_position=&#8221;center&#8221; background_repeat=&#8221;no-repeat&#8221; background_blend=&#8221;normal&#8221; allow_player_pause=&#8221;off&#8221; fullwidth_field=&#8221;on&#8221; form_field_text_color=&#8221;#7f7f7f&#8221; field_title=&#8221;Elija las ciudades sobre las que desea recibir informaci\u00f3n:&#8221; background_video_pause_outside_viewport=&#8221;on&#8221; form_field_text_shadow_style=&#8221;none&#8221; box_shadow_style=&#8221;none&#8221; form_field_text_shadow_horizontal_length=&#8221;0em&#8221; form_field_text_shadow_vertical_length=&#8221;0em&#8221; form_field_text_shadow_blur_strength=&#8221;0em&#8221; \/][\/et_pb_contact_form][\/et_pb_column][et_pb_column type=&#8221;1_3&#8243;][et_pb_text _builder_version=&#8221;3.15&#8243; background_layout=&#8221;dark&#8221; text_font_size=&#8221;13px&#8221; text_line_height=&#8221;1.2em&#8221; custom_margin=&#8221;75px|||&#8221; custom_margin_phone=&#8221;15px|||&#8221; custom_margin_last_edited=&#8221;on|desktop&#8221; text_text_color=&#8221;#727272&#8243;]<\/p>\n<p><strong>El Club ComaBeba<\/strong> es una comunidad de entusiastas de la gastronom\u00eda. Los miembros del club son elegibles para descuentos especiales y sorteos para ganar cenas gratis en los restaurantes participantes. Los miembros del club tambi\u00e9n se re\u00fanen peri\u00f3dicamente para cenar en restaurantes locales y asisten a eventos de &#8220;prelanzamientos&#8221; en restaurantes locales como invitados VIP.<\/p>\n<p><strong>ComaBeba Chef&#8217;s Table<\/strong> es una comunidad de profesionales de la industria de restaurantes que solo los miembros tienen acceso al contenido especial de la industria en ComaBeba.com. La comunidad tambi\u00e9n participa en eventos y se re\u00fane peri\u00f3dicamente para intercambiar ideas y discutir desarrollos y tendencias de restaurantes.<\/p>\n<p><strong>La lista de correo de ComaBeba<\/strong>, los entusiastas de los restaurantes y los aficionados pueden unirse a nuestra lista de correo para recibir el bolet\u00edn ComaBeba, la notificaci\u00f3n de los art\u00edculos publicados recientemente y las cr\u00edticas de restaurantes y bares. Una vez que lo agregues a la lista, puede cambiar sus preferencias para recibir solo el contenido que m\u00e1s le interese.<\/p>\n<p>[\/et_pb_text][\/et_pb_column][\/et_pb_row][\/et_pb_section]<\/p>\n","protected":false},"excerpt":{"rendered":"Contacto","protected":false},"author":1,"featured_media":0,"parent":0,"menu_order":0,"comment_status":"closed","ping_status":"closed","template":"","meta":{"_et_pb_use_builder":"on","_et_pb_old_content":"","_et_gb_content_width":"","_monsterinsights_skip_tracking":false,"_monsterinsights_sitenote_active":false,"_monsterinsights_sitenote_note":"","_monsterinsights_sitenote_category":0,"loftloader_page_shortcode":"","footnotes":""},"categories":[2717],"restaurant-type":[],"establishment-rating":[],"restaurant-cost":[],"wp-category-restaurant-rating":[],"restaurant-cuisine":[],"restaurant-locale":[],"service-type":[],"tcf-menu-items":[],"restaurant-menu-types":[],"city-locale":[],"featured-post":[],"class_list":["post-66703","page","type-page","status-publish","hentry","category-contenido-espanol"],"_links":{"self":[{"href":"https:\/\/comabeba.com\/argentina\/wp-json\/wp\/v2\/pages\/66703","targetHints":{"allow":["GET"]}}],"collection":[{"href":"https:\/\/comabeba.com\/argentina\/wp-json\/wp\/v2\/pages"}],"about":[{"href":"https:\/\/comabeba.com\/argentina\/wp-json\/wp\/v2\/types\/page"}],"author":[{"embeddable":true,"href":"https:\/\/comabeba.com\/argentina\/wp-json\/wp\/v2\/users\/1"}],"replies":[{"embeddable":true,"href":"https:\/\/comabeba.com\/argentina\/wp-json\/wp\/v2\/comments?post=66703"}],"version-history":[{"count":1,"href":"https:\/\/comabeba.com\/argentina\/wp-json\/wp\/v2\/pages\/66703\/revisions"}],"predecessor-version":[{"id":102352,"href":"https:\/\/comabeba.com\/argentina\/wp-json\/wp\/v2\/pages\/66703\/revisions\/102352"}],"wp:attachment":[{"href":"https:\/\/comabeba.com\/argentina\/wp-json\/wp\/v2\/media?parent=66703"}],"wp:term":[{"taxonomy":"category","embeddable":true,"href":"https:\/\/comabeba.com\/argentina\/wp-json\/wp\/v2\/categories?post=66703"},{"taxonomy":"restaurant-type","embeddable":true,"href":"https:\/\/comabeba.com\/argentina\/wp-json\/wp\/v2\/restaurant-type?post=66703"},{"taxonomy":"establishment-rating","embeddable":true,"href":"https:\/\/comabeba.com\/argentina\/wp-json\/wp\/v2\/establishment-rating?post=66703"},{"taxonomy":"restaurant-cost","embeddable":true,"href":"https:\/\/comabeba.com\/argentina\/wp-json\/wp\/v2\/restaurant-cost?post=66703"},{"taxonomy":"wp-category-restaurant-rating","embeddable":true,"href":"https:\/\/comabeba.com\/argentina\/wp-json\/wp\/v2\/wp-category-restaurant-rating?post=66703"},{"taxonomy":"restaurant-cuisine","embeddable":true,"href":"https:\/\/comabeba.com\/argentina\/wp-json\/wp\/v2\/restaurant-cuisine?post=66703"},{"taxonomy":"restaurant-locale","embeddable":true,"href":"https:\/\/comabeba.com\/argentina\/wp-json\/wp\/v2\/restaurant-locale?post=66703"},{"taxonomy":"service-type","embeddable":true,"href":"https:\/\/comabeba.com\/argentina\/wp-json\/wp\/v2\/service-type?post=66703"},{"taxonomy":"tcf-menu-items","embeddable":true,"href":"https:\/\/comabeba.com\/argentina\/wp-json\/wp\/v2\/tcf-menu-items?post=66703"},{"taxonomy":"restaurant-menu-types","embeddable":true,"href":"https:\/\/comabeba.com\/argentina\/wp-json\/wp\/v2\/restaurant-menu-types?post=66703"},{"taxonomy":"city-locale","embeddable":true,"href":"https:\/\/comabeba.com\/argentina\/wp-json\/wp\/v2\/city-locale?post=66703"},{"taxonomy":"featured-post","embeddable":true,"href":"https:\/\/comabeba.com\/argentina\/wp-json\/wp\/v2\/featured-post?post=66703"}],"curies":[{"name":"wp","href":"https:\/\/api.w.org\/{rel}","templated":true}]}}