{"id":63902,"date":"2018-08-31T23:11:37","date_gmt":"2018-08-31T23:11:37","guid":{"rendered":"http:\/\/comabeba.com\/argentina\/?page_id=63902"},"modified":"2025-11-15T03:28:45","modified_gmt":"2025-11-15T03:28:45","slug":"restaurantes-creme-brulee-buenos-aires","status":"publish","type":"page","link":"https:\/\/comabeba.com\/argentina\/es\/restaurantes-creme-brulee-buenos-aires\/","title":{"rendered":"Donde encontrar Creme Brulee en Buenos Aires"},"content":{"rendered":"<p>[et_pb_section fb_built=&#8221;1&#8243; _builder_version=&#8221;4.16&#8243; background_color=&#8221;rgba(0,0,0,0)&#8221; custom_margin=&#8221;0px||0px|&#8221; custom_padding=&#8221;0px||0px|&#8221; global_colors_info=&#8221;{}&#8221;][et_pb_row use_custom_gutter=&#8221;on&#8221; disabled_on=&#8221;on||&#8221; _builder_version=&#8221;4.16&#8243; background_color=&#8221;rgba(0,0,0,0)&#8221; background_size=&#8221;initial&#8221; background_position=&#8221;top_left&#8221; background_repeat=&#8221;repeat&#8221; custom_margin=&#8221;0px||0px|&#8221; custom_padding=&#8221;0px||0px|&#8221; global_colors_info=&#8221;{}&#8221; column_structure=&#8221;1_4,1_4,1_4,1_4&#8243;][et_pb_column type=&#8221;1_4&#8243; _builder_version=&#8221;4.16&#8243; background_position=&#8221;top_left&#8221; custom_padding=&#8221;|||&#8221; global_colors_info=&#8221;{}&#8221; custom_padding__hover=&#8221;|||&#8221;][et_pb_text admin_label=&#8221;AD Banner 4x 130 EN C1&#8243; _builder_version=&#8221;4.16&#8243; custom_margin=&#8221;|2px||2px&#8221; border_style=&#8221;solid&#8221; global_colors_info=&#8221;{}&#8221;]<\/p>\n<div id=\"comab-3830029054\">\n<p><a href=\"https:\/\/www.youtube.com\/embed\/jQt6r-GUJNo\" class=\"wplightbox\" title=\"\" data-width=\"960\" data-height=\"540\"><img loading=\"lazy\" decoding=\"async\" class=\"alignnone size-full wp-image-39793\" src=\"https:\/\/comabeba.com\/wp-content\/uploads\/2017\/08\/Latam-130.jpg.jpg\" alt=\"LATAM\" width=\"320\" height=\"130\"><\/a><\/p>\n<\/div>\n<p>[\/et_pb_text][\/et_pb_column][et_pb_column type=&#8221;1_4&#8243; _builder_version=&#8221;4.16&#8243; background_position=&#8221;top_left&#8221; custom_padding=&#8221;|||&#8221; global_colors_info=&#8221;{}&#8221; custom_padding__hover=&#8221;|||&#8221;][et_pb_text admin_label=&#8221;AD Banner 4x 130 EN C2&#8243; _builder_version=&#8221;4.16&#8243; custom_margin=&#8221;|2px||2px&#8221; global_colors_info=&#8221;{}&#8221;]<\/p>\n<div id=\"comab-3766728945\">\n<p><a href=\"https:\/\/www.youtube.com\/embed\/Hq0Wyg2yuxY\" class=\"wplightbox\" title=\"\" data-width=\"960\" data-height=\"540\"><img decoding=\"async\" class=\"alignnone size-full\" src=\"https:\/\/comabeba.com\/argentina\/wp-content\/uploads\/sites\/11\/2017\/10\/Park-Hyatt-Palacio-320-130v2.png\" alt=\"Park Hyatt Palacio Duhau\" width=320\"\/><\/a><\/p>\n<\/div>\n<p>[\/et_pb_text][\/et_pb_column][et_pb_column type=&#8221;1_4&#8243; _builder_version=&#8221;4.16&#8243; background_position=&#8221;top_left&#8221; custom_padding=&#8221;|||&#8221; global_colors_info=&#8221;{}&#8221; custom_padding__hover=&#8221;|||&#8221;][et_pb_text admin_label=&#8221;AD Banner 4x 130 EN C3&#8243; _builder_version=&#8221;4.16&#8243; custom_margin=&#8221;|2px||2px&#8221; border_style=&#8221;solid&#8221; global_colors_info=&#8221;{}&#8221;]<\/p>\n<div id=\"comab-2238051587\">\n<p><a href=\"https:\/\/www.youtube.com\/embed\/WJMEiIayhTY\" class=\"wplightbox\" title=\"\" data-width=\"960\" data-height=\"540\"><img loading=\"lazy\" decoding=\"async\" class=\"alignnone size-small\" src=\"https:\/\/comabeba.com\/argentina\/wp-content\/uploads\/sites\/11\/2022\/01\/Patio-Bullrich-Buenos-Aires-VPH-260.jpg\" alt=\"Patio Bullrich\" width=\"320\" height=\"130\" \/><\/a><\/p>\n<\/div>\n<p>[\/et_pb_text][\/et_pb_column][et_pb_column type=&#8221;1_4&#8243; _builder_version=&#8221;4.16&#8243; background_position=&#8221;top_left&#8221; custom_padding=&#8221;|||&#8221; global_colors_info=&#8221;{}&#8221; custom_padding__hover=&#8221;|||&#8221;][et_pb_text admin_label=&#8221;AD Banner 4x 130 EN C4&#8243; _builder_version=&#8221;4.16&#8243; custom_margin=&#8221;|2px||2px&#8221; border_style=&#8221;solid&#8221; global_colors_info=&#8221;{}&#8221;]<\/p>\n<div id=\"comab-2058963261\">\n<p><a href=\"https:\/\/player.vimeo.com\/video\/66092552\" class=\"wplightbox\"><img loading=\"lazy\" decoding=\"async\" class=\"alignnone size-small\" src=\"https:\/\/comabeba.com\/argentina\/wp-content\/uploads\/sites\/11\/2017\/10\/Copa-Airlines-260.jpg\" alt=\"Copa Airlines\" width=\"320\" height=\"130\"><\/a><\/p>\n<\/div>\n<p>[\/et_pb_text][\/et_pb_column][\/et_pb_row][et_pb_row use_custom_gutter=&#8221;on&#8221; custom_padding_last_edited=&#8221;on|desktop&#8221; _builder_version=&#8221;4.16&#8243; background_color=&#8221;rgba(0,0,0,0)&#8221; custom_margin=&#8221;0px||0px|&#8221; custom_padding=&#8221;0px||10px|&#8221; custom_padding_tablet=&#8221;&#8221; custom_padding_phone=&#8221;&#8221; global_colors_info=&#8221;{}&#8221; column_structure=&#8221;1_4,1_2,1_4&#8243;][et_pb_column type=&#8221;1_4&#8243; _builder_version=&#8221;4.16&#8243; background_color=&#8221;rgba(255,255,255,0)&#8221; custom_padding=&#8221;|||&#8221; global_colors_info=&#8221;{}&#8221; custom_padding__hover=&#8221;|||&#8221;][et_pb_text disabled_on=&#8221;off||&#8221; admin_label=&#8221;Text Best of Page Info&#8221; _builder_version=&#8221;4.16&#8243; text_font=&#8221;Rajdhani||||||||&#8221; text_font_size=&#8221;20px&#8221; text_line_height=&#8221;1.3em&#8221; header_font_size=&#8221;23px&#8221; header_letter_spacing=&#8221;-2px&#8221; header_2_font_size=&#8221;22px&#8221; header_3_font_size=&#8221;17px&#8221; header_4_font_size=&#8221;15px&#8221; background_color=&#8221;rgba(255,255,255,0.52)&#8221; custom_padding=&#8221;30px|10px|15px|12px&#8221; header_font_size_tablet=&#8221;21px&#8221; header_font_size_phone=&#8221;&#8221; header_font_size_last_edited=&#8221;on|tablet&#8221; saved_tabs=&#8221;all&#8221; global_colors_info=&#8221;{}&#8221;]<\/p>\n<h3>[wpv-post-body view_template=\"map-2\"]<\/h3>\n<h1>Cr\u00e8me br\u00fbl\u00e9e<\/h1>\n<h3><\/h3>\n<p>[\/et_pb_text][et_pb_text admin_label=&#8221;Text Map with grid Down Arrow&#8221; _builder_version=&#8221;3.19.5&#8243; custom_padding=&#8221;20px|||&#8221; animation_style=&#8221;roll&#8221; global_module=&#8221;59003&#8243; saved_tabs=&#8221;all&#8221; global_colors_info=&#8221;{}&#8221;]<\/p>\n<p><img loading=\"lazy\" decoding=\"async\" class=\"aligncenter wp-image-56736 size-thumbnail\" src=\"https:\/\/comabeba.com\/argentina\/wp-content\/uploads\/sites\/11\/2018\/05\/Circle-Down-Arrow-Orange-100.png\" alt=\"\" width=\"90\" height=\"90\"><\/p>\n<p>[\/et_pb_text][\/et_pb_column][et_pb_column type=&#8221;1_2&#8243; _builder_version=&#8221;4.16&#8243; custom_padding=&#8221;|||&#8221; global_colors_info=&#8221;{}&#8221; custom_padding__hover=&#8221;|||&#8221;][et_pb_text disabled_on=&#8221;off||&#8221; admin_label=&#8221;Text Page Body Global&#8221; _builder_version=&#8221;4.16&#8243; text_font=&#8221;Rajdhani||||||||&#8221; text_font_size=&#8221;15px&#8221; text_line_height=&#8221;1.2em&#8221; background_color=&#8221;rgba(255,255,255,0.8)&#8221; custom_margin=&#8221;25px|15px||-13px&#8221; custom_margin_tablet=&#8221;25px|0px||0px&#8221; custom_margin_phone=&#8221;&#8221; custom_margin_last_edited=&#8221;on|desktop&#8221; custom_padding=&#8221;15px|20px|20px|20px&#8221; custom_padding_tablet=&#8221;&#8221; custom_padding_phone=&#8221;20px|15px|20px|15px&#8221; custom_padding_last_edited=&#8221;on|desktop&#8221; text_font_size_tablet=&#8221;&#8221; text_font_size_phone=&#8221;13px&#8221; text_font_size_last_edited=&#8221;on|phone&#8221; text_line_height_tablet=&#8221;&#8221; text_line_height_phone=&#8221;1.1em&#8221; text_line_height_last_edited=&#8221;on|phone&#8221; saved_tabs=&#8221;all&#8221; global_colors_info=&#8221;{}&#8221;]Estos son las mejores restaurantes que sirven Cr\u00e8me br\u00fbl\u00e9e en Buenos Aires<br \/>\n[\/et_pb_text][\/et_pb_column][et_pb_column type=&#8221;1_4&#8243; _builder_version=&#8221;4.16&#8243; custom_padding=&#8221;|||&#8221; global_colors_info=&#8221;{}&#8221; custom_padding__hover=&#8221;|||&#8221;][et_pb_text disabled_on=&#8221;on|on|&#8221; admin_label=&#8221;Text Punteros de Mejores apilado 2&#8243; _builder_version=&#8221;4.14.6&#8243; global_module=&#8221;63789&#8243; saved_tabs=&#8221;all&#8221; global_colors_info=&#8221;{}&#8221;]<\/p>\n<div id=\"comab-3192173008\">\n<p><a href=\"https:\/\/comabeba.com\/argentina\/es\/los-mejores-cafeterias-de-especialidad-en-buenos-aires\/\"><img decoding=\"async\" srcset=\"https:\/\/comabeba.com\/wp-content\/uploads\/2022\/02\/pointer-type-cafeterias-gray-704-ES-400x294.webp 400w,\n             https:\/\/comabeba.com\/wp-content\/uploads\/2022\/02\/pointer-type-cafeterias-gray-704-ES-480x353.webp 480w,\n             https:\/\/comabeba.com\/wp-content\/uploads\/2022\/02\/pointer-type-cafeterias-gray-704-ES.webp 704w\"\n     sizes=\"(max-width: 414px) 400px,\n            704px\"\n     src=\"https:\/\/comabeba.com\/wp-content\/uploads\/2022\/02\/pointer-type-cafeterias-gray-704-ES.jpg\"\n     width=\"400\"\n     class=\"aligncenter\" \n     alt=\"Los mejores cafeter\u00edas en Buenos Aires\"\n     title=\"Los mejores cafeter\u00edas en Buenos Aires\"><\/a>\n<\/p>\n<\/div>\n<div id=\"comab-1781800102\">\n<p><a href=\"https:\/\/comabeba.com\/argentina\/es\/restaurantes-mejores-hamburguesas-buenos-aires\/\"><img decoding=\"async\" srcset=\"https:\/\/comabeba.com\/wp-content\/uploads\/2022\/02\/pointer-popfood-hamburguesas-gray-704-400x294.webp 400w,\n             https:\/\/comabeba.com\/wp-content\/uploads\/2022\/02\/pointer-popfood-hamburguesas-gray-704-480x353.webp 480w,\n             https:\/\/comabeba.com\/wp-content\/uploads\/2022\/02\/pointer-popfood-hamburguesas-gray-704.webp 704w\"\n     sizes=\"(max-width: 414px) 400px,\n            704px\"\n     src=\"https:\/\/comabeba.com\/wp-content\/uploads\/2022\/02\/pointer-popfood-hamburguesas-gray-704.jpg\"\n     width=\"400\"\n     class=\"aligncenter\" \n     alt=\"Los mejores restaurantes con hamburguesas ricas en Buenos Aires\"\n     title=\"Los mejores restaurantes con hamburguesas ricas en Buenos Aires\"><\/a>\n<\/p>\n<\/div>\n<p>[\/et_pb_text][\/et_pb_column][\/et_pb_row][\/et_pb_section][et_pb_section fb_built=&#8221;1&#8243; _builder_version=&#8221;3.7&#8243; background_color=&#8221;rgba(0,0,0,0)&#8221; global_module=&#8221;63783&#8243; global_colors_info=&#8221;{}&#8221;][et_pb_row _builder_version=&#8221;4.17.3&#8243; background_size=&#8221;initial&#8221; background_position=&#8221;top_left&#8221; background_repeat=&#8221;repeat&#8221; global_colors_info=&#8221;{}&#8221;][et_pb_column type=&#8221;4_4&#8243; _builder_version=&#8221;4.16&#8243; custom_padding=&#8221;|||&#8221; global_colors_info=&#8221;{}&#8221; custom_padding__hover=&#8221;|||&#8221;][\/et_pb_column][\/et_pb_row][\/et_pb_section]<\/p>\n","protected":false},"excerpt":{"rendered":"Estos son las mejores restaurantes que sirven creme brulee en Buenos Aires","protected":false},"author":1,"featured_media":79174,"parent":0,"menu_order":14,"comment_status":"closed","ping_status":"closed","template":"","meta":{"_et_pb_use_builder":"on","_et_pb_old_content":"","_et_gb_content_width":"","_monsterinsights_skip_tracking":false,"_monsterinsights_sitenote_active":false,"_monsterinsights_sitenote_note":"","_monsterinsights_sitenote_category":0,"loftloader_page_shortcode":"","footnotes":""},"categories":[2717,2222],"restaurant-type":[],"establishment-rating":[],"restaurant-cost":[],"wp-category-restaurant-rating":[335,339,341,343,1295,347,351,353,355,357,359,363,365,367,369,371],"restaurant-cuisine":[],"restaurant-locale":[],"service-type":[],"tcf-menu-items":[1510],"restaurant-menu-types":[],"city-locale":[393],"featured-post":[],"class_list":["post-63902","page","type-page","status-publish","has-post-thumbnail","hentry","category-contenido-espanol","category-paginas-mejores-por","wp-category-restaurant-rating-3-5-calificacion","wp-category-restaurant-rating-3-6-calificacion","wp-category-restaurant-rating-3-7-calificacion","wp-category-restaurant-rating-3-8-calificacion","wp-category-restaurant-rating-calificacion-3-9","wp-category-restaurant-rating-4-0-calificacion","wp-category-restaurant-rating-4-1-calificacion","wp-category-restaurant-rating-4-2-calificacion","wp-category-restaurant-rating-4-3-calificacion","wp-category-restaurant-rating-4-4-calificacion","wp-category-restaurant-rating-4-5-calificacion","wp-category-restaurant-rating-4-6-calificacion","wp-category-restaurant-rating-4-7-calificacion","wp-category-restaurant-rating-4-8-calificacion","wp-category-restaurant-rating-4-9-calificacion","wp-category-restaurant-rating-5-0-calificacion","tcf-menu-items-creme-brulee-elemento","city-locale-ciudad-buenos-aires"],"_links":{"self":[{"href":"https:\/\/comabeba.com\/argentina\/wp-json\/wp\/v2\/pages\/63902","targetHints":{"allow":["GET"]}}],"collection":[{"href":"https:\/\/comabeba.com\/argentina\/wp-json\/wp\/v2\/pages"}],"about":[{"href":"https:\/\/comabeba.com\/argentina\/wp-json\/wp\/v2\/types\/page"}],"author":[{"embeddable":true,"href":"https:\/\/comabeba.com\/argentina\/wp-json\/wp\/v2\/users\/1"}],"replies":[{"embeddable":true,"href":"https:\/\/comabeba.com\/argentina\/wp-json\/wp\/v2\/comments?post=63902"}],"version-history":[{"count":1,"href":"https:\/\/comabeba.com\/argentina\/wp-json\/wp\/v2\/pages\/63902\/revisions"}],"predecessor-version":[{"id":101055,"href":"https:\/\/comabeba.com\/argentina\/wp-json\/wp\/v2\/pages\/63902\/revisions\/101055"}],"wp:featuredmedia":[{"embeddable":true,"href":"https:\/\/comabeba.com\/argentina\/wp-json\/wp\/v2\/media\/79174"}],"wp:attachment":[{"href":"https:\/\/comabeba.com\/argentina\/wp-json\/wp\/v2\/media?parent=63902"}],"wp:term":[{"taxonomy":"category","embeddable":true,"href":"https:\/\/comabeba.com\/argentina\/wp-json\/wp\/v2\/categories?post=63902"},{"taxonomy":"restaurant-type","embeddable":true,"href":"https:\/\/comabeba.com\/argentina\/wp-json\/wp\/v2\/restaurant-type?post=63902"},{"taxonomy":"establishment-rating","embeddable":true,"href":"https:\/\/comabeba.com\/argentina\/wp-json\/wp\/v2\/establishment-rating?post=63902"},{"taxonomy":"restaurant-cost","embeddable":true,"href":"https:\/\/comabeba.com\/argentina\/wp-json\/wp\/v2\/restaurant-cost?post=63902"},{"taxonomy":"wp-category-restaurant-rating","embeddable":true,"href":"https:\/\/comabeba.com\/argentina\/wp-json\/wp\/v2\/wp-category-restaurant-rating?post=63902"},{"taxonomy":"restaurant-cuisine","embeddable":true,"href":"https:\/\/comabeba.com\/argentina\/wp-json\/wp\/v2\/restaurant-cuisine?post=63902"},{"taxonomy":"restaurant-locale","embeddable":true,"href":"https:\/\/comabeba.com\/argentina\/wp-json\/wp\/v2\/restaurant-locale?post=63902"},{"taxonomy":"service-type","embeddable":true,"href":"https:\/\/comabeba.com\/argentina\/wp-json\/wp\/v2\/service-type?post=63902"},{"taxonomy":"tcf-menu-items","embeddable":true,"href":"https:\/\/comabeba.com\/argentina\/wp-json\/wp\/v2\/tcf-menu-items?post=63902"},{"taxonomy":"restaurant-menu-types","embeddable":true,"href":"https:\/\/comabeba.com\/argentina\/wp-json\/wp\/v2\/restaurant-menu-types?post=63902"},{"taxonomy":"city-locale","embeddable":true,"href":"https:\/\/comabeba.com\/argentina\/wp-json\/wp\/v2\/city-locale?post=63902"},{"taxonomy":"featured-post","embeddable":true,"href":"https:\/\/comabeba.com\/argentina\/wp-json\/wp\/v2\/featured-post?post=63902"}],"curies":[{"name":"wp","href":"https:\/\/api.w.org\/{rel}","templated":true}]}}